{"id":62,"date":"2018-05-25T14:25:20","date_gmt":"2018-05-25T14:25:20","guid":{"rendered":"http:\/\/www.jazzdevils.de\/?page_id=62"},"modified":"2025-03-04T14:41:21","modified_gmt":"2025-03-04T14:41:21","slug":"datenschutzerklaerung","status":"publish","type":"page","link":"https:\/\/www.jazzdevils.de\/?page_id=62","title":{"rendered":"Datenschutzerkl\u00e4rung"},"content":{"rendered":"<div id=\"pl-62\"  class=\"panel-layout\" ><div id=\"pg-62-0\"  class=\"panel-grid panel-has-style\" ><div class=\"panel-row-style panel-row-style-for-62-0\" ><div id=\"pgc-62-0-0\"  class=\"panel-grid-cell\" ><div id=\"panel-62-0-0-0\" class=\"so-panel widget widget_sow-editor panel-first-child panel-last-child\" data-index=\"0\" ><div class=\"so-widget-sow-editor so-widget-sow-editor-base\">\n<div class=\"siteorigin-widget-tinymce textwidget\">\n\t<p class=\"paragraph_style_2\">Verantwortliche Stelle im Sinne der Datenschutzgesetze, insbesondere der EU-Datenschutzgrundverordnung (DSGVO), ist:<\/p>\n<p class=\"paragraph_style_2\">Jazz Devils Dance Company e.V.,<br \/>\nTroisdorf<br \/>\nJordan<br \/>\nIm Toennesfeld 38<br \/>\n50859 K\u00f6ln<\/p>\n<p class=\"paragraph_style_2\">m: webmaster(@)jazzdevils.de<\/p>\n<p class=\"paragraph_style_2\">Wir freuen uns, dass Sie diese Website besuchen. Datenschutz und Datensicherheit bei der Nutzung der Webseite sind f\u00fcr uns sehr wichtig. Wir m\u00f6chten Sie daher an dieser Stelle dar\u00fcber informieren, welche Ihrer nicht personenbezogenen Daten wir bei Ihrem Besuch auf unserer Website erfassen und f\u00fcr welche Zwecke diese genutzt werden.<\/p>\n<p class=\"paragraph_style_2\">Da Gesetzes\u00e4nderungen oder \u00c4nderungen unserer vereinsinternen Prozesse eine Anpassung dieser Datenschutzerkl\u00e4rung erforderlich machen k\u00f6nnen, bitten wir Sie, diese Datenschutzerkl\u00e4rung regelm\u00e4\u00dfig durchzulesen. Die Datenschutzerkl\u00e4rung kann jederzeit unter Datenschutzerkl\u00e4rung abgerufen, abgespeichert und ausgedruckt werden.<\/p>\n<h4 class=\"paragraph_style_3\">Ihre Betroffenenrechte<\/h4>\n<p class=\"paragraph_style_2\">Unter den angegebenen Kontaktdaten unseres Datenschutzbeauftragten k\u00f6nnen Sie jederzeit folgende Rechte aus\u00fcben:<\/p>\n<ul>\n<li class=\"full-width\">\n<p class=\"paragraph_style_4\">Auskunft \u00fcber Ihre bei uns gespeicherten Daten und deren Verarbeitung,<\/p>\n<\/li>\n<li class=\"full-width\">\n<p class=\"paragraph_style_4\">Berichtigung unrichtiger personenbezogener Daten,<\/p>\n<\/li>\n<li class=\"full-width\">\n<p class=\"paragraph_style_4\">L\u00f6schung Ihrer bei uns gespeicherten Daten,<\/p>\n<\/li>\n<li class=\"full-width\">\n<p class=\"paragraph_style_4\">Einschr\u00e4nkung der Datenverarbeitung, sofern wir Ihre Daten aufgrund gesetzlicher Pflichten noch nicht l\u00f6schen d\u00fcrfen,<\/p>\n<\/li>\n<li class=\"full-width\">\n<p class=\"paragraph_style_4\">Widerspruch gegen die Verarbeitung Ihrer Daten bei uns und<\/p>\n<\/li>\n<li class=\"full-width\">\n<p class=\"paragraph_style_4\">Daten\u00fcbertragbarkeit, sofern Sie in die Datenverarbeitung eingewilligt haben oder einen Vertrag mit uns abgeschlossen haben.<\/p>\n<\/li>\n<\/ul>\n<p class=\"paragraph_style_2\">Sofern Sie uns eine Einwilligung erteilt haben, k\u00f6nnen Sie diese jederzeit mit Wirkung f\u00fcr die Zukunft widerrufen.<\/p>\n<p class=\"paragraph_style_2\">Sie k\u00f6nnen sich jederzeit mit einer Beschwerde an die f\u00fcr Sie zust\u00e4ndige Aufsichtsbeh\u00f6rde wenden. Ihre zust\u00e4ndige Aufsichtsbeh\u00f6rde richtet sich nach dem Bundesland Ihres Wohnsitzes, Ihrer Arbeit oder der mutma\u00dflichen Verletzung. Eine Liste der Aufsichtsbeh\u00f6rden (f\u00fcr den nicht\u00f6ffentlichen Bereich) mit Anschrift finden Sie unter: <a class=\"style_2\" title=\"https:\/\/www.bfdi.bund.de\/DE\/Infothek\/Anschriften_Links\/anschriften_links-node.html\" href=\"https:\/\/www.bfdi.bund.de\/DE\/Infothek\/Anschriften_Links\/anschriften_links-node.html\">https:\/\/www.bfdi.bund.de\/DE\/Infothek\/Anschriften_Links\/anschriften_links-node.html<\/a>.<\/p>\n<h4 class=\"paragraph_style_3\">Erhebung und Verarbeitung von personenbezogenen Daten<\/h4>\n<p class=\"paragraph_style_2\">Wir verpflichten uns, Ihre Privatsph\u00e4re zu sch\u00fctzen und Ihre nicht personenbezogenen Daten vertraulich zu behandeln. Personenbezogene Daten sind Informationen, die dazu genutzt werden k\u00f6nnen, pers\u00f6nliche oder sachliche Verh\u00e4ltnisse \u00fcber Sie zu erfahren (z.B. Name, Anschrift, Telefonnummer, Geburtsdatum oder E-Mail-Adresse). Personenbezogene Daten \u00a0werden nicht erhoben.<\/p>\n<p class=\"paragraph_style_2\">Die beim Betrieb und der Nutzung dieser Webseite anfallenden Daten, sowie der Abruf einer Datei erfolgt zum Zweck der Bereitstellung der Inhalte und zur Gew\u00e4hrleistung des Betriebs und der Systemsicherheit.<\/p>\n<p class=\"paragraph_style_2\">Im Einzelnen wird ggf. \u00fcber jeden Abruf folgender Datensatz gespeichert:<\/p>\n<ul>\n<li class=\"full-width\">\n<p class=\"paragraph_style_4\">Datum und Uhrzeit des Abrufs,<\/p>\n<\/li>\n<li class=\"full-width\">\n<p class=\"paragraph_style_4\">Sendungsdaten zum oder Abrufdaten vom Webserver,<\/p>\n<\/li>\n<li class=\"full-width\">\n<p class=\"paragraph_style_4\">Parameterliste welche mit der Adresse \/ dem Verweis \u00fcbermittelt wurde,<\/p>\n<\/li>\n<li class=\"full-width\">\n<p class=\"paragraph_style_4\">Browseradresse,<\/p>\n<\/li>\n<li class=\"full-width\">\n<p class=\"paragraph_style_4\">Zugriffsstatus (Datei \u00fcbertragen, Datei nicht gefunden etc.),<\/p>\n<\/li>\n<li class=\"full-width\">\n<p class=\"paragraph_style_4\">\u00dcbertragungsmenge der Daten an den Browser,<\/p>\n<\/li>\n<li class=\"full-width\">\n<p class=\"paragraph_style_4\">Beschreibung von Typ\/Funktionen des Webbrowsers bzw. des Betriebssystems,<\/p>\n<\/li>\n<li class=\"full-width\">\n<p class=\"paragraph_style_4\">Dateianforderungen.<\/p>\n<\/li>\n<\/ul>\n<p class=\"paragraph_style_2\">Diese Daten werden ausschlie\u00dflich zur Verbesserung unseres Angebotes ausgewertet und erlauben keinerlei R\u00fcckschl\u00fcsse auf Ihre Person.<\/p>\n<h4 class=\"paragraph_style_3\">Verwendung und Weitergabe der oben genannten Daten<\/h4>\n<p class=\"paragraph_style_2\">Die gespeicherten Daten werden ausschlie\u00dflich zu statistischen Zwecken ausgewertet. Dabei erfolgt keine Weitergabe an Dritte, weder zu kommerziellen noch zu nichtkommerziellen Zwecken.<\/p>\n<p class=\"paragraph_style_2\">Sofern innerhalb des Internetangebotes zu irgendeinem Zeitpunkt die M\u00f6glichkeit zur Eingabe pers\u00f6nlicher oder gesch\u00e4ftlicher Daten (E-Mail-Adressen, Namen, Anschriften) besteht, so erfolgt die Preisgabe dieser Daten seitens des Nutzers auf ausdr\u00fccklich freiwilliger Basis. Auch hier werden Ihre Daten vertraulich behandelt und nicht an Dritte weitergegeben. Eine Verkn\u00fcpfung mit oben genannten Zugriffsdaten findet nicht statt. Wir werden Daten gegen\u00fcber staatlichen Stellen nur dann offen legen, wenn dies gesetzlich vorgeschrieben ist. Unsere Mitarbeiter werden von uns zur Wahrung der Vertraulichkeit verpflichtet. Wir weisen darauf hin, dass die Daten\u00fcbertragung im Internet (z.B. bei der Kommunikation per E-Mail) Sicherheitsl\u00fccken aufweisen kann. Ein l\u00fcckenloser Schutz der Daten vor dem Zugriff durch Dritte ist nicht m\u00f6glich.<\/p>\n<h4 class=\"paragraph_style_2\">Auskunft zu Ihren bei uns gespeicherten personenbezogenen Daten\/ Speicherdauer \/ L\u00f6schung<\/h4>\n<p class=\"paragraph_style_2\">Ihre personenbezogenen Angaben speichern wir nur solange, wie dies nach dem Gesetz zul\u00e4ssig ist. Die L\u00f6schung der gespeicherten personenbezogenen Daten erfolgt, wenn der Nutzer seine Einwilligung zur Speicherung widerruft oder wenn die Kenntnis dieser Daten zur Erf\u00fcllung des mit der Speicherung verfolgten Zwecks nicht mehr erforderlich ist, insbesondere wenn das Nutzerkonto gel\u00f6scht wird oder wenn ihre Speicherung aus sonstigen gesetzlichen Gr\u00fcnden unzul\u00e4ssig ist.<\/p>\n<p class=\"paragraph_style_2\">Sofern innerhalb des Internetangebotes zu irgendeinem Zeitpunkt die M\u00f6glichkeit zur Eingabe pers\u00f6nlicher oder gesch\u00e4ftlicher Daten (E-Mail-Adressen, Namen, Anschriften) besteht, teilen wir Ihnen auf Ihre Aufforderung gerne hin mit, welche Daten wir zu Ihrer Person gespeichert haben. Sollte trotz unseres Bem\u00fchens um richtige und aktuelle Daten falsche Daten bei uns gespeichert sein, so berichtigen wir diese unverz\u00fcglich.<\/p>\n<p class=\"paragraph_style_2\">Sie haben jederzeit die M\u00f6glichkeit, die uns zur Verf\u00fcgung gestellten pers\u00f6nlichen Daten zu \u00fcberpr\u00fcfen, zu \u00e4ndern oder zu l\u00f6schen, indem Sie uns eine Mail an webmaster@jazzdevils.de schicken.<\/p>\n<h4 class=\"paragraph_style_2\">Cookies<\/h4>\n<p class=\"paragraph_style_2\">Cookies sind kleine Textdateien, die zusammen mit den eigentlich angeforderten Daten aus dem Internet an Ihren Computer \u00fcbermittelt werden. Dort werden diese Daten gespeichert und f\u00fcr einen sp\u00e4teren Abruf bereitgehalten. Auf unserer Webseite werden aus technischen Gr\u00fcnden Cookies verwendet, die aber in keiner Weise dazu bestimmt sind Informationen \u00fcber unsere Besucher zu ermitteln oder zu speichern.<\/p>\n<p class=\"paragraph_style_2\">Die meisten Browser sind so voreingestellt, dass sie Cookies automatisch akzeptieren. Sie k\u00f6nnen das Speichern von Cookies jedoch deaktivieren oder Ihren Browser so einstellen, dass er Sie benachrichtigt, bevor Cookies gespeichert werden.<\/p>\n<p class=\"paragraph_style_2\">Einer Installation von Cookies k\u00f6nnen Sie ebenso durch eine entsprechende Einstellung in Ihrer Browsersoftware unterbinden. Wir weisen Sie jedoch darauf hin, dass Sie in diesem Fall gegebenenfalls nicht s\u00e4mtliche Funktionen unserer Website vollumf\u00e4nglich nutzen k\u00f6nnen, sofern Cookies zum Einsatz kommen.<\/p>\n<p class=\"paragraph_style_2\">Weitere Informationen zu Cookies erhalten Sie unter <a class=\"style_2\" title=\"http:\/\/www.allaboutcookies.org\/ge\/\" href=\"http:\/\/www.allaboutcookies.org\/ge\/\">http:\/\/www.allaboutcookies.org\/ge\/<\/a>.<\/p>\n<h4 class=\"paragraph_style_3\">\u00c4nderung unserer Datenschutzbestimmungen<\/h4>\n<p class=\"paragraph_style_2\">Wir behalten uns vor, diese Datenschutzerkl\u00e4rung anzupassen, damit sie stets den aktuellen rechtlichen Anforderungen entspricht oder um \u00c4nderungen unserer Leistungen in der Datenschutzerkl\u00e4rung umzusetzen, z.B. bei der Einf\u00fchrung neuer Services. F\u00fcr Ihren erneuten Besuch gilt dann die neue Datenschutzerkl\u00e4rung.<\/p>\n<h4 class=\"paragraph_style_2\">\u00a0Salvatorische Klausel<\/h4>\n<p class=\"paragraph_style_2\">Sofern Teile oder einzelne Formulierungen dieses Textes der geltenden Rechtslage nicht, nicht mehr oder nicht vollst\u00e4ndig entsprechen sollten, bleiben die \u00fcbrigen Teile des Dokumentes in ihrem Inhalt und ihrer G\u00fcltigkeit davon unber\u00fchrt.<\/p>\n<h4 class=\"paragraph_style_2\">\u00a0Fragen an den Datenschutzbeauftragten<\/h4>\n<p class=\"paragraph_style_2\">Wenn Sie Fragen zum Datenschutz haben, schreiben Sie uns bitte eine E-Mail oder wenden Sie sich direkt an die f\u00fcr den Datenschutz verantwortliche Person in unserer Organisation:<\/p>\n<p class=\"paragraph_style_2\">Amier Jordan, connect(@)jordanme.de<\/p>\n<p class=\"paragraph_style_5\"><span class=\"style_3\">Die Datenschutzerkl\u00e4rung wurde in Teilen mit dem <\/span><a title=\"https:\/\/www.activemind.de\/datenschutz\/datenschutzhinweis-generator\/\" href=\"https:\/\/www.activemind.de\/datenschutz\/datenschutzhinweis-generator\/\">Datenschutzerkl\u00e4rungs-Generator der activeMind AG erstellt<\/a><span class=\"style_3\">.<br \/>\n<\/span><\/p>\n<p class=\"paragraph_style_3\">Streitbeilegungsverfahren Angabe gem\u00e4\u00df \u00a7\u00a7 36, 37 Verbraucherstreitbeilegungsgesetz (VSBG)<\/p>\n<p class=\"paragraph_style_2\">Der Betreiber von<span class=\"style_5\"> http:\/\/jazzdevils.de<\/span>\u00a0ist zur Teilnahme an einem Streitbeilegungsverfahren vor einer Verbraucherschlichtungsstelle weder bereit noch verpflichtet.<\/p>\n<\/div>\n<\/div><\/div><\/div><\/div><\/div><\/div>","protected":false},"excerpt":{"rendered":"<p>Verantwortliche Stelle im Sinne der Datenschutzgesetze, insbesondere der EU-Datenschutzgrundverordnung (DSGVO), ist: Jazz Devils Dance Company e.V., Troisdorf Jordan Im Toennesfeld [&hellip;]<\/p>\n","protected":false},"author":1,"featured_media":0,"parent":0,"menu_order":0,"comment_status":"closed","ping_status":"closed","template":"","meta":{"spay_email":""},"jetpack_shortlink":"https:\/\/wp.me\/P9YAUd-10","_links":{"self":[{"href":"https:\/\/www.jazzdevils.de\/index.php?rest_route=\/wp\/v2\/pages\/62"}],"collection":[{"href":"https:\/\/www.jazzdevils.de\/index.php?rest_route=\/wp\/v2\/pages"}],"about":[{"href":"https:\/\/www.jazzdevils.de\/index.php?rest_route=\/wp\/v2\/types\/page"}],"author":[{"embeddable":true,"href":"https:\/\/www.jazzdevils.de\/index.php?rest_route=\/wp\/v2\/users\/1"}],"replies":[{"embeddable":true,"href":"https:\/\/www.jazzdevils.de\/index.php?rest_route=%2Fwp%2Fv2%2Fcomments&post=62"}],"version-history":[{"count":8,"href":"https:\/\/www.jazzdevils.de\/index.php?rest_route=\/wp\/v2\/pages\/62\/revisions"}],"predecessor-version":[{"id":1109,"href":"https:\/\/www.jazzdevils.de\/index.php?rest_route=\/wp\/v2\/pages\/62\/revisions\/1109"}],"wp:attachment":[{"href":"https:\/\/www.jazzdevils.de\/index.php?rest_route=%2Fwp%2Fv2%2Fmedia&parent=62"}],"curies":[{"name":"wp","href":"https:\/\/api.w.org\/{rel}","templated":true}]}}