{"id":17,"date":"2018-12-10T10:17:24","date_gmt":"2018-12-10T10:17:24","guid":{"rendered":"http:\/\/www.jazzdevils.de\/?page_id=17"},"modified":"2024-03-01T14:19:37","modified_gmt":"2024-03-01T14:19:37","slug":"ueber-uns","status":"publish","type":"page","link":"https:\/\/www.jazzdevils.de\/?page_id=17","title":{"rendered":"\u00dcber uns"},"content":{"rendered":"<div id=\"pl-17\"  class=\"panel-layout\" ><div id=\"pg-17-0\"  class=\"panel-grid panel-no-style\" ><div id=\"pgc-17-0-0\"  class=\"panel-grid-cell\" ><div id=\"panel-17-0-0-0\" class=\"so-panel widget widget_sow-editor panel-first-child panel-last-child\" data-index=\"0\" ><div class=\"so-widget-sow-editor so-widget-sow-editor-base\">\n<div class=\"siteorigin-widget-tinymce textwidget\">\n\t<div id=\"id4\" class=\"style_SkipStroke_3 shape-with-text\">\n<div class=\"text-content style_External_297_159\">\n<div class=\"style_1\">\n<h4 class=\"Title\">Jazz Devils Dance Company<\/h4>\n<\/div>\n<\/div>\n<\/div>\n<div id=\"id5\" class=\"style_SkipStroke_4 shape-with-text\">\n<div class=\"text-content style_External_320_569\">\n<div class=\"style_1\">\n<p class=\"paragraph_style_1\">Die <span class=\"style_2\">Jazz Devils Dance Company<\/span> ist eine unabh\u00e4ngige Gruppe von Amateurt\u00e4nzerinnen, die unter der Obhut eines eingetragenen, gemeinn\u00fctzigen Vereins tanzt.<br \/>\n\u00dcber mittlerweile 38 Jahre hat sich ein Stilmix aus Jazz Dance, Modern, klassischem Tanz, Tanztheater und Ausdruckstanz entwickelt.<\/p>\n<p class=\"paragraph_style_1\">Alle Gruppen werden von Heike Fuchs unterrichtet. Heike ist ausgebildete Tanzlehrerin und Tanzp\u00e4dagogin. Sie leitet die Company seit mittlerweile 38 Jahren.<\/p>\n<p style=\"text-align: center;\">Die Philosophie<br \/>\n<strong>\"Ihr ta<span class=\"style_2\">nzt<\/span>\u00a0nicht<span class=\"style_2\">\u00a0nur mit den Beinen, sondern vor allem mit Eurem Herzen<\/span>\"<br \/>\n<\/strong>bestimmt die Atmosph\u00e4re und Arbeit in allen Gruppen.<\/p>\n<p>Regelm\u00e4\u00dfige \"Tanzwochenenden\" auf einem Bauernhof in Kail in der Eifel verst\u00e4rken das Gruppengef\u00fchl.<\/p>\n<p><span class=\"style_2\">Die T\u00e4nzerinnen der Jazz Devils Dance Company bereichern private Feste wie Geburtstage und Hochzeiten, aber auch Gro\u00dfveranstaltungen von Messen \u00fcber Pr\u00e4sentationen bis zu Stadtfesten.<\/span><\/p>\n<p>Wir bieten verschiedene <span class=\"style_2\">Trainingsm\u00f6glichkeiten<\/span> an. F\u00fcr Informationen zu Trainingszeiten und f\u00fcr Auftrittsanfragen kontaktieren Sie uns gerne. <a class=\"Ohne\" title=\"..\/Kontakte.html\" href=\"http:\/\/www.jazzdevils.de\/?page_id=56\">Hier geht's zum Kontakt<\/a>.<\/p>\n<\/div>\n<\/div>\n<\/div>\n<\/div>\n<\/div><\/div><\/div><\/div><\/div>","protected":false},"excerpt":{"rendered":"<p>Jazz Devils Dance Company Die Jazz Devils Dance Company ist eine unabh\u00e4ngige Gruppe von Amateurt\u00e4nzerinnen, die unter der Obhut eines [&hellip;]<\/p>\n","protected":false},"author":1,"featured_media":427,"parent":0,"menu_order":0,"comment_status":"closed","ping_status":"closed","template":"","meta":{"spay_email":""},"jetpack_shortlink":"https:\/\/wp.me\/P9YAUd-h","_links":{"self":[{"href":"https:\/\/www.jazzdevils.de\/index.php?rest_route=\/wp\/v2\/pages\/17"}],"collection":[{"href":"https:\/\/www.jazzdevils.de\/index.php?rest_route=\/wp\/v2\/pages"}],"about":[{"href":"https:\/\/www.jazzdevils.de\/index.php?rest_route=\/wp\/v2\/types\/page"}],"author":[{"embeddable":true,"href":"https:\/\/www.jazzdevils.de\/index.php?rest_route=\/wp\/v2\/users\/1"}],"replies":[{"embeddable":true,"href":"https:\/\/www.jazzdevils.de\/index.php?rest_route=%2Fwp%2Fv2%2Fcomments&post=17"}],"version-history":[{"count":30,"href":"https:\/\/www.jazzdevils.de\/index.php?rest_route=\/wp\/v2\/pages\/17\/revisions"}],"predecessor-version":[{"id":1028,"href":"https:\/\/www.jazzdevils.de\/index.php?rest_route=\/wp\/v2\/pages\/17\/revisions\/1028"}],"wp:featuredmedia":[{"embeddable":true,"href":"https:\/\/www.jazzdevils.de\/index.php?rest_route=\/wp\/v2\/media\/427"}],"wp:attachment":[{"href":"https:\/\/www.jazzdevils.de\/index.php?rest_route=%2Fwp%2Fv2%2Fmedia&parent=17"}],"curies":[{"name":"wp","href":"https:\/\/api.w.org\/{rel}","templated":true}]}}